
{"id":8098,"date":"2018-02-28T07:40:39","date_gmt":"2018-02-28T07:40:39","guid":{"rendered":"https:\/\/enovathemes.com\/samatex\/?page_id=8098"},"modified":"2020-09-20T22:52:32","modified_gmt":"2020-09-20T22:52:32","slug":"servicios","status":"publish","type":"page","link":"https:\/\/www.ferrandoyasociados.com\/en\/servicios\/","title":{"rendered":"Services"},"content":{"rendered":"<div class=\"vc_row wpb_row vc_row-fluid vc_custom_1548940421216 vc_column-gap-64 vc-row-544602\" >\n\t<div class=\"container et-clearfix\">\n\t\t<div class=\"wpb_column vc_column_container vc_col-sm-12 vc_col-lg-4 vc_col-md-5 vc_col-xs-12 text-align-none vc-column-195820\" >\n\t<div class=\"vc_column-inner\" >\n\t\t<div class=\"wpb_wrapper\">\n\t\t\t<div  class=\"vc_wp_custommenu wpb_content_element\"><div class=\"widget widget_nav_menu\"><div class=\"menu-services-container\"><ul id=\"menu-services\" class=\"menu\"><li id=\"menu-item-18006\" class=\"menu-item menu-item-type-post_type menu-item-object-page menu-item-18006\"><a href=\"https:\/\/www.ferrandoyasociados.com\/en\/servicios\/software-y-digitalizacion\/\" data-ps2id-api=\"true\">Software and digitalization<\/a><\/li>\n<li id=\"menu-item-18005\" class=\"menu-item menu-item-type-post_type menu-item-object-page menu-item-18005\"><a href=\"https:\/\/www.ferrandoyasociados.com\/en\/servicios\/consultoria-e-id\/\" data-ps2id-api=\"true\">Consultancy and R&amp;D<\/a><\/li>\n<li id=\"menu-item-18004\" class=\"menu-item menu-item-type-post_type menu-item-object-page menu-item-18004\"><a href=\"https:\/\/www.ferrandoyasociados.com\/en\/servicios\/gestion-y-uso-de-tecnologias\/\" data-ps2id-api=\"true\">Management and use of technology<\/a><\/li>\n<li id=\"menu-item-18003\" class=\"menu-item menu-item-type-post_type menu-item-object-page menu-item-18003\"><a href=\"https:\/\/www.ferrandoyasociados.com\/en\/servicios\/data-science\/\" data-ps2id-api=\"true\">Data Science<\/a><\/li>\n<li id=\"menu-item-18327\" class=\"menu-item menu-item-type-post_type menu-item-object-page menu-item-18327\"><a href=\"https:\/\/www.ferrandoyasociados.com\/en\/servicios\/logistica-y-optimizacion\/\" data-ps2id-api=\"true\">Logistics and Optimization<\/a><\/li>\n<\/ul><\/div><\/div><\/div>\t\t<\/div>\n\t\t\t<\/div>\n<\/div><div class=\"wpb_column vc_column_container vc_col-sm-12 vc_col-lg-8 vc_col-md-7 vc_col-xs-12 text-align-none vc-column-21206\" >\n\t<div class=\"vc_column-inner\" >\n\t\t<div class=\"wpb_wrapper\">\n\t\t\t<h1 class=\"et-heading text-align-left tablet-text-align-inherit mobile-text-align-inherit animate-false no-animation-type\" id=\"et-heading-247575\" data-delay=\"0\" data-mobile-font=\"inherit\" data-mobile-line-height=\"inherit\" data-tablet-landscape-font=\"inherit\" data-tablet-portrait-font=\"inherit\" data-tablet-landscape-line-height=\"inherit\" data-tablet-portrait-line-height=\"inherit\" data-parallax=\"false\" data-move=\"false\" data-coordinatex=\"0\" data-coordinatey=\"0\" data-speed=\"10\"><span class=\"text-wrapper\"><span class=\"text\">Software and digitalization<\/span><\/span><\/h1><span class=\"et-gap et-clearfix et-gap-70441\"><\/span>\n<div class=\"wpb_text_column wpb_content_element\"  data-animation-delay=\"0\">\n\t<div class=\"wpb_wrapper\">\n\t\t<span class=\"et-font-size\" data-fontsize=\"20px\" data-lineheight=\"32px\"><\/p>\n<p>Our knowledge in the forestry business allows us to create software\u2019s for digitalizing and\nautomatizing and increasing productivity from every process in the chain.<\/p>\n<p>We have experience in web and mobile apps\u2019 development for businesses who need\ntools that allow their digital transformation rapidly, increasing their processes\u2019 efficiency and efficacy\nusing the best technologies.<\/p>\n<p>We generate product prototypes in short spans of time by using agile methodologies. This enables an early validation of the app from users.<\/p>\n<p><\/span>\n\t<\/div>\n<\/div>\n\n<span class=\"et-gap et-clearfix et-gap-803736\"><\/span><div class=\"wpb_images_carousel wpb_content_element vc_clearfix\"><div class=\"wpb_wrapper\"><div id=\"vc_images-carousel-1-1778893445\" data-ride=\"vc_carousel\" data-wrap=\"true\" style=\"width: 100%;\" data-interval=\"5000\" data-auto-height=\"yes\" data-mode=\"horizontal\" data-partial=\"false\" data-per-view=\"1\" data-hide-on-end=\"false\" class=\"vc_slide vc_images_carousel\"><ol class=\"vc_carousel-indicators\"><li data-target=\"#vc_images-carousel-1-1778893445\" data-slide-to=\"0\"><\/li><li data-target=\"#vc_images-carousel-1-1778893445\" data-slide-to=\"1\"><\/li><li data-target=\"#vc_images-carousel-1-1778893445\" data-slide-to=\"2\"><\/li><li data-target=\"#vc_images-carousel-1-1778893445\" data-slide-to=\"3\"><\/li><\/ol><div class=\"vc_carousel-inner\"><div class=\"vc_carousel-slideline\"><div class=\"vc_carousel-slideline-inner\"><div class=\"vc_item\"><div class=\"vc_inner\"><img loading=\"lazy\" decoding=\"async\" width=\"960\" height=\"720\" src=\"https:\/\/www.ferrandoyasociados.com\/wp-content\/uploads\/2020\/08\/syd-1.jpg\" class=\"attachment-full\" alt=\"Servicios\" data-responsive-images=\"false\" \/><\/div><\/div><div class=\"vc_item\"><div class=\"vc_inner\"><img loading=\"lazy\" decoding=\"async\" width=\"960\" height=\"720\" src=\"https:\/\/www.ferrandoyasociados.com\/wp-content\/uploads\/2020\/08\/syd-2.jpg\" class=\"attachment-full\" alt=\"Servicios\" data-responsive-images=\"false\" \/><\/div><\/div><div class=\"vc_item\"><div class=\"vc_inner\"><img loading=\"lazy\" decoding=\"async\" width=\"960\" height=\"720\" src=\"https:\/\/www.ferrandoyasociados.com\/wp-content\/uploads\/2020\/08\/syd-3.jpg\" class=\"attachment-full\" alt=\"Servicios\" data-responsive-images=\"false\" \/><\/div><\/div><div class=\"vc_item\"><div class=\"vc_inner\"><img loading=\"lazy\" decoding=\"async\" width=\"960\" height=\"720\" src=\"https:\/\/www.ferrandoyasociados.com\/wp-content\/uploads\/2020\/08\/syd-4.jpg\" class=\"attachment-full\" alt=\"Servicios\" data-responsive-images=\"false\" \/><\/div><\/div><\/div><\/div><\/div><a class=\"vc_left vc_carousel-control\" href=\"#vc_images-carousel-1-1778893445\" data-slide=\"prev\"><span class=\"icon-prev\"><\/span><\/a><a class=\"vc_right vc_carousel-control\" href=\"#vc_images-carousel-1-1778893445\" data-slide=\"next\"><span class=\"icon-next\"><\/span><\/a><\/div><\/div><\/div><span class=\"et-gap et-clearfix et-gap-803736\"><\/span>\n<div class=\"wpb_text_column wpb_content_element\"  data-animation-delay=\"0\">\n\t<div class=\"wpb_wrapper\">\n\t\t<h4><b>Automatization in weed control in the forestry sector project:<\/b><\/h4>\n<span class=\"et-font-size\" data-fontsize=\"20px\" data-lineheight=\"32px\"><\/p>\n<p>With ANII\u2019s support, we are currently working on the development of a software which allows to carry out herbicide applications in forest plantations in a selective manner, using sprayer drones. Said developments\u2019 purpose is to make herbicide applications more efficient, not only would these not have to be done necessarily in total area, but also would these enable our clients to reduce costs and develop more environmentally friendly practices by reducing both water and agrochemicals use.<\/p>\n<p><\/span>\n\t<\/div>\n<\/div>\n\n<span class=\"et-gap et-clearfix et-gap-261972\"><\/span>\t\t<\/div>\n\t\t\t<\/div>\n<\/div>\t<\/div>\n\t\t<\/div>","protected":false},"excerpt":{"rendered":"Software y Digitalizaci\u00f3n Consultor\u00eda e I+D Gesti\u00f3n y Uso de Tecnolog\u00edas Data Science Log\u00edstica y Optimizaci\u00f3n Software y Digitalizaci\u00f3n Nuestro conocimiento del negocio forestal nos permite crear software para digitalizar, automatizar e incrementar la productividad de todos los procesos dentro de la cadena. Tenemos experiencia en el desarrollo de aplicaciones web y mobile para empresas [...]","protected":false},"author":1,"featured_media":0,"parent":0,"menu_order":0,"comment_status":"closed","ping_status":"closed","template":"page-vc.php","meta":{"footnotes":""},"class_list":["post-8098","page","type-page","status-publish","hentry"],"_links":{"self":[{"href":"https:\/\/www.ferrandoyasociados.com\/en\/wp-json\/wp\/v2\/pages\/8098","targetHints":{"allow":["GET"]}}],"collection":[{"href":"https:\/\/www.ferrandoyasociados.com\/en\/wp-json\/wp\/v2\/pages"}],"about":[{"href":"https:\/\/www.ferrandoyasociados.com\/en\/wp-json\/wp\/v2\/types\/page"}],"author":[{"embeddable":true,"href":"https:\/\/www.ferrandoyasociados.com\/en\/wp-json\/wp\/v2\/users\/1"}],"replies":[{"embeddable":true,"href":"https:\/\/www.ferrandoyasociados.com\/en\/wp-json\/wp\/v2\/comments?post=8098"}],"version-history":[{"count":12,"href":"https:\/\/www.ferrandoyasociados.com\/en\/wp-json\/wp\/v2\/pages\/8098\/revisions"}],"predecessor-version":[{"id":18007,"href":"https:\/\/www.ferrandoyasociados.com\/en\/wp-json\/wp\/v2\/pages\/8098\/revisions\/18007"}],"wp:attachment":[{"href":"https:\/\/www.ferrandoyasociados.com\/en\/wp-json\/wp\/v2\/media?parent=8098"}],"curies":[{"name":"wp","href":"https:\/\/api.w.org\/{rel}","templated":true}]}}