
{"id":17998,"date":"2020-08-21T14:25:39","date_gmt":"2020-08-21T14:25:39","guid":{"rendered":"http:\/\/www.ferrandoyasociados.com\/?page_id=17998"},"modified":"2023-05-22T17:17:33","modified_gmt":"2023-05-22T17:17:33","slug":"data-science","status":"publish","type":"page","link":"https:\/\/www.ferrandoyasociados.com\/en\/servicios\/data-science\/","title":{"rendered":"Data Science"},"content":{"rendered":"<div class=\"vc_row wpb_row vc_row-fluid vc_custom_1548940421216 vc_column-gap-64 vc-row-544602\" >\n\t<div class=\"container et-clearfix\">\n\t\t<div class=\"wpb_column vc_column_container vc_col-sm-12 vc_col-lg-4 vc_col-md-5 vc_col-xs-12 text-align-none vc-column-195820\" >\n\t<div class=\"vc_column-inner\" >\n\t\t<div class=\"wpb_wrapper\">\n\t\t\t<div  class=\"vc_wp_custommenu wpb_content_element nomobile\"><div class=\"widget widget_nav_menu\"><div class=\"menu-services-container\"><ul id=\"menu-services\" class=\"menu\"><li id=\"menu-item-18006\" class=\"menu-item menu-item-type-post_type menu-item-object-page menu-item-18006\"><a href=\"https:\/\/www.ferrandoyasociados.com\/en\/servicios\/software-y-digitalizacion\/\" data-ps2id-api=\"true\">Software and digitalization<\/a><\/li>\n<li id=\"menu-item-18005\" class=\"menu-item menu-item-type-post_type menu-item-object-page menu-item-18005\"><a href=\"https:\/\/www.ferrandoyasociados.com\/en\/servicios\/consultoria-e-id\/\" data-ps2id-api=\"true\">Consultancy and R&amp;D<\/a><\/li>\n<li id=\"menu-item-18004\" class=\"menu-item menu-item-type-post_type menu-item-object-page menu-item-18004\"><a href=\"https:\/\/www.ferrandoyasociados.com\/en\/servicios\/gestion-y-uso-de-tecnologias\/\" data-ps2id-api=\"true\">Management and use of technology<\/a><\/li>\n<li id=\"menu-item-18003\" class=\"menu-item menu-item-type-post_type menu-item-object-page menu-item-18003\"><a href=\"https:\/\/www.ferrandoyasociados.com\/en\/servicios\/data-science\/\" data-ps2id-api=\"true\">Data Science<\/a><\/li>\n<li id=\"menu-item-18327\" class=\"menu-item menu-item-type-post_type menu-item-object-page menu-item-18327\"><a href=\"https:\/\/www.ferrandoyasociados.com\/en\/servicios\/logistica-y-optimizacion\/\" data-ps2id-api=\"true\">Logistics and Optimization<\/a><\/li>\n<\/ul><\/div><\/div><\/div>\t\t<\/div>\n\t\t\t<\/div>\n<\/div><div class=\"wpb_column vc_column_container vc_col-sm-12 vc_col-lg-8 vc_col-md-7 vc_col-xs-12 text-align-none vc-column-21206\" >\n\t<div class=\"vc_column-inner\" >\n\t\t<div class=\"wpb_wrapper\">\n\t\t\t\n<div class=\"wpb_text_column wpb_content_element\"  data-animation-delay=\"0\">\n\t<div class=\"wpb_wrapper\">\n\t\t<span class=\"et-font-size\" data-fontsize=\"20px\" data-lineheight=\"32px\"><\/p>\n<p><span style=\"font-weight: 400;\">We have the sufficient knowledge to extract worthy information from data generated by companies, allowing them to give rise to relevant conclusions for your business. We work on our clients\u2019 data using various software tools, and we prepare their data for their use in descriptive and predictive models by using machine learning and statistics techniques.\u00a0<\/span><\/p>\n<p><span style=\"font-weight: 400;\">Thanks to our knowledge in the use of Artificial Intelligence, we are currently developing a product for the Uruguayan forestry sector for risk management and fire propagation prediction. This system will allow the monitoring of forest fires through Machine Learning algorithms and satellite images.\u00a0 <\/span><\/p>\n<p><span style=\"font-weight: 400;\">With this product, the forestry sector will have comprehensive management software that will allow the integration of all models, with the aim of generating a powerful management tool, with enough updating for timely decision-making. <\/span><\/p>\n<p><\/span>\n\t<\/div>\n<\/div>\n\n<span class=\"et-gap et-clearfix et-gap-803736\"><\/span><div class=\"wpb_images_carousel wpb_content_element vc_clearfix\"><div class=\"wpb_wrapper\"><div id=\"vc_images-carousel-1-1776409539\" data-ride=\"vc_carousel\" data-wrap=\"true\" style=\"width: 100%;\" data-interval=\"2000\" data-auto-height=\"yes\" data-mode=\"horizontal\" data-partial=\"false\" data-per-view=\"1\" data-hide-on-end=\"false\" class=\"vc_slide vc_images_carousel\"><div class=\"vc_carousel-inner\"><div class=\"vc_carousel-slideline\"><div class=\"vc_carousel-slideline-inner\"><div class=\"vc_item\"><div class=\"vc_inner\"><a class=\"prettyphoto\" href=\"https:\/\/www.ferrandoyasociados.com\/wp-content\/uploads\/2023\/05\/Data_Science_e_IA-1024x768.jpg\" data-rel=\"prettyPhoto[rel-17998-279108223]\"><img loading=\"lazy\" decoding=\"async\" width=\"1600\" height=\"1200\" src=\"https:\/\/www.ferrandoyasociados.com\/wp-content\/uploads\/2023\/05\/Data_Science_e_IA.jpg\" class=\"attachment-full\" alt=\"Data Science\" data-responsive-images=\"false\" \/><\/a><\/div><\/div><div class=\"vc_item\"><div class=\"vc_inner\"><a class=\"prettyphoto\" href=\"https:\/\/www.ferrandoyasociados.com\/wp-content\/uploads\/2023\/05\/Data_Science_IA-1024x768.jpg\" data-rel=\"prettyPhoto[rel-17998-279108223]\"><img loading=\"lazy\" decoding=\"async\" width=\"1600\" height=\"1200\" src=\"https:\/\/www.ferrandoyasociados.com\/wp-content\/uploads\/2023\/05\/Data_Science_IA.jpg\" class=\"attachment-full\" alt=\"Data Science\" data-responsive-images=\"false\" \/><\/a><\/div><\/div><div class=\"vc_item\"><div class=\"vc_inner\"><a class=\"prettyphoto\" href=\"https:\/\/www.ferrandoyasociados.com\/wp-content\/uploads\/2020\/08\/Imagen1.jpg\" data-rel=\"prettyPhoto[rel-17998-279108223]\"><img loading=\"lazy\" decoding=\"async\" width=\"1369\" height=\"913\" src=\"https:\/\/www.ferrandoyasociados.com\/wp-content\/uploads\/2020\/08\/Imagen1.jpg\" class=\"attachment-full\" alt=\"Data Science\" data-responsive-images=\"false\" \/><\/a><\/div><\/div><\/div><\/div><\/div><a class=\"vc_left vc_carousel-control\" href=\"#vc_images-carousel-1-1776409539\" data-slide=\"prev\"><span class=\"icon-prev\"><\/span><\/a><a class=\"vc_right vc_carousel-control\" href=\"#vc_images-carousel-1-1776409539\" data-slide=\"next\"><span class=\"icon-next\"><\/span><\/a><\/div><\/div><\/div>\t\t<\/div>\n\t\t\t<\/div>\n<\/div>\t<\/div>\n\t\t<\/div>","protected":false},"excerpt":{"rendered":"Software y Digitalizaci\u00f3n Consultor\u00eda e I+D Gesti\u00f3n y Uso de Tecnolog\u00edas Data Science Log\u00edstica y Optimizaci\u00f3n Tenemos los conocimientos para extraer informaci\u00f3n valiosa de los datos generados por las empresas, permiti\u00e9ndole a las mismas generar conclusiones claves para su negocio. Con diferentes herramientas de software trabajamos con los datos de nuestros clientes, y\u00a0 utilizando t\u00e9cnicas [...]","protected":false},"author":1,"featured_media":0,"parent":8098,"menu_order":0,"comment_status":"closed","ping_status":"closed","template":"page-vc.php","meta":{"footnotes":""},"class_list":["post-17998","page","type-page","status-publish","hentry"],"_links":{"self":[{"href":"https:\/\/www.ferrandoyasociados.com\/en\/wp-json\/wp\/v2\/pages\/17998","targetHints":{"allow":["GET"]}}],"collection":[{"href":"https:\/\/www.ferrandoyasociados.com\/en\/wp-json\/wp\/v2\/pages"}],"about":[{"href":"https:\/\/www.ferrandoyasociados.com\/en\/wp-json\/wp\/v2\/types\/page"}],"author":[{"embeddable":true,"href":"https:\/\/www.ferrandoyasociados.com\/en\/wp-json\/wp\/v2\/users\/1"}],"replies":[{"embeddable":true,"href":"https:\/\/www.ferrandoyasociados.com\/en\/wp-json\/wp\/v2\/comments?post=17998"}],"version-history":[{"count":7,"href":"https:\/\/www.ferrandoyasociados.com\/en\/wp-json\/wp\/v2\/pages\/17998\/revisions"}],"predecessor-version":[{"id":18288,"href":"https:\/\/www.ferrandoyasociados.com\/en\/wp-json\/wp\/v2\/pages\/17998\/revisions\/18288"}],"up":[{"embeddable":true,"href":"https:\/\/www.ferrandoyasociados.com\/en\/wp-json\/wp\/v2\/pages\/8098"}],"wp:attachment":[{"href":"https:\/\/www.ferrandoyasociados.com\/en\/wp-json\/wp\/v2\/media?parent=17998"}],"curies":[{"name":"wp","href":"https:\/\/api.w.org\/{rel}","templated":true}]}}