
{"id":18323,"date":"2023-05-23T00:15:15","date_gmt":"2023-05-23T00:15:15","guid":{"rendered":"https:\/\/www.ferrandoyasociados.com\/?page_id=18323"},"modified":"2023-05-23T22:28:53","modified_gmt":"2023-05-23T22:28:53","slug":"logistica-y-optimizacion","status":"publish","type":"page","link":"http:\/\/www.ferrandoyasociados.com\/en\/servicios\/logistica-y-optimizacion\/","title":{"rendered":"Logistics and Optimization"},"content":{"rendered":"<div class=\"vc_row wpb_row vc_row-fluid vc_custom_1548940421216 vc_column-gap-64 vc-row-544602\" >\n\t<div class=\"container et-clearfix\">\n\t\t<div class=\"wpb_column vc_column_container vc_col-sm-12 vc_col-lg-4 vc_col-md-5 vc_col-xs-12 text-align-none vc-column-195820\" >\n\t<div class=\"vc_column-inner\" >\n\t\t<div class=\"wpb_wrapper\">\n\t\t\t<div  class=\"vc_wp_custommenu wpb_content_element nomobile\"><div class=\"widget widget_nav_menu\"><div class=\"menu-services-container\"><ul id=\"menu-services\" class=\"menu\"><li id=\"menu-item-18006\" class=\"menu-item menu-item-type-post_type menu-item-object-page menu-item-18006\"><a href=\"http:\/\/www.ferrandoyasociados.com\/en\/servicios\/software-y-digitalizacion\/\" data-ps2id-api=\"true\">Software and digitalization<\/a><\/li>\n<li id=\"menu-item-18005\" class=\"menu-item menu-item-type-post_type menu-item-object-page menu-item-18005\"><a href=\"http:\/\/www.ferrandoyasociados.com\/en\/servicios\/consultoria-e-id\/\" data-ps2id-api=\"true\">Consultancy and R&amp;D<\/a><\/li>\n<li id=\"menu-item-18004\" class=\"menu-item menu-item-type-post_type menu-item-object-page menu-item-18004\"><a href=\"http:\/\/www.ferrandoyasociados.com\/en\/servicios\/gestion-y-uso-de-tecnologias\/\" data-ps2id-api=\"true\">Management and use of technology<\/a><\/li>\n<li id=\"menu-item-18003\" class=\"menu-item menu-item-type-post_type menu-item-object-page menu-item-18003\"><a href=\"http:\/\/www.ferrandoyasociados.com\/en\/servicios\/data-science\/\" data-ps2id-api=\"true\">Data Science<\/a><\/li>\n<li id=\"menu-item-18327\" class=\"menu-item menu-item-type-post_type menu-item-object-page menu-item-18327\"><a href=\"http:\/\/www.ferrandoyasociados.com\/en\/servicios\/logistica-y-optimizacion\/\" data-ps2id-api=\"true\">Logistics and Optimization<\/a><\/li>\n<\/ul><\/div><\/div><\/div>\t\t<\/div>\n\t\t\t<\/div>\n<\/div><div class=\"wpb_column vc_column_container vc_col-sm-12 vc_col-lg-8 vc_col-md-7 vc_col-xs-12 text-align-none vc-column-21206\" >\n\t<div class=\"vc_column-inner\" >\n\t\t<div class=\"wpb_wrapper\">\n\t\t\t\n<div class=\"wpb_text_column wpb_content_element\"  data-animation-delay=\"0\">\n\t<div class=\"wpb_wrapper\">\n\t\t<span class=\"et-font-size\" data-fontsize=\"20px\" data-lineheight=\"32px\"><\/p>\n<p><span style=\"font-weight: 400;\">Our knowledge of the forestry business allows us to generate solutions for our clients that allow them to improve and optimize their processes throughout the entire forestry chain. Our company can tailor-make applications for companies that need to optimize their operations and improve their logistics.\u00a0<\/span><\/p>\n<p><span style=\"font-weight: 400;\">By working with lean methodologies, we are able to generate products in short periods of time and in a sustained manner that can be validated fast by our clients.<\/span><\/p>\n<p><\/span>\n\t<\/div>\n<\/div>\n\n<span class=\"et-gap et-clearfix et-gap-803736\"><\/span><div class=\"wpb_images_carousel wpb_content_element vc_clearfix\"><div class=\"wpb_wrapper\"><div id=\"vc_images-carousel-1-1777608411\" data-ride=\"vc_carousel\" data-wrap=\"true\" style=\"width: 100%;\" data-interval=\"2000\" data-auto-height=\"yes\" data-mode=\"horizontal\" data-partial=\"false\" data-per-view=\"1\" data-hide-on-end=\"false\" class=\"vc_slide vc_images_carousel\"><ol class=\"vc_carousel-indicators\"><li data-target=\"#vc_images-carousel-1-1777608411\" data-slide-to=\"0\"><\/li><li data-target=\"#vc_images-carousel-1-1777608411\" data-slide-to=\"1\"><\/li><\/ol><div class=\"vc_carousel-inner\"><div class=\"vc_carousel-slideline\"><div class=\"vc_carousel-slideline-inner\"><div class=\"vc_item\"><div class=\"vc_inner\"><img loading=\"lazy\" decoding=\"async\" width=\"1600\" height=\"720\" src=\"http:\/\/www.ferrandoyasociados.com\/wp-content\/uploads\/2023\/05\/Logistica_1.jpeg\" class=\"attachment-full\" alt=\"Log\u00edstica y Optimizaci\u00f3n\" data-responsive-images=\"false\" \/><\/div><\/div><div class=\"vc_item\"><div class=\"vc_inner\"><img loading=\"lazy\" decoding=\"async\" width=\"837\" height=\"445\" src=\"http:\/\/www.ferrandoyasociados.com\/wp-content\/uploads\/2023\/05\/Logistica_2.jpg\" class=\"attachment-full\" alt=\"Log\u00edstica y Optimizaci\u00f3n\" data-responsive-images=\"false\" \/><\/div><\/div><\/div><\/div><\/div><a class=\"vc_left vc_carousel-control\" href=\"#vc_images-carousel-1-1777608411\" data-slide=\"prev\"><span class=\"icon-prev\"><\/span><\/a><a class=\"vc_right vc_carousel-control\" href=\"#vc_images-carousel-1-1777608411\" data-slide=\"next\"><span class=\"icon-next\"><\/span><\/a><\/div><\/div><\/div><span class=\"et-gap et-clearfix et-gap-803736\"><\/span>\n<div class=\"wpb_text_column wpb_content_element\"  data-animation-delay=\"0\">\n\t<div class=\"wpb_wrapper\">\n\t\t<h4><b>FOOS: Forwarding Optimal Outcome Software for the forestry industry<\/b><\/h4>\n<span class=\"et-font-size\" data-fontsize=\"20px\" data-lineheight=\"32px\"><\/p>\n<p>Our software helps forwarder operators and company planning areas to reduce forwarder travel by considering paths, soils, field obstacles and the location of wood stacks in the field. The system workflow consists in:<\/p>\n<p>1. Upload Data like paths, fields and stacking areas.<\/p>\n<p>2. Set up Forwarder capacity, eg: 20 tons or 25 tons specifying the forwarder model.<\/p>\n<p>3. Upload blocked areas into de software (like shp format)<\/p>\n<p>4. Software Simulation Set up: configure simulation parameters, eg: distance, paths, wood stack set up like height, length and wide.<\/p>\n<p>5. Software Optimization gives you representative forwarding paths per field zones, mean, maximum and minimum forwarding distances and its recommendation system gives you the better forwarding paths per field zones changing blocked zones if you wish.<\/p>\n<p><\/span>\n\t<\/div>\n<\/div>\n\n\t\t<\/div>\n\t\t\t<\/div>\n<\/div>\t<\/div>\n\t\t<\/div>","protected":false},"excerpt":{"rendered":"Software y Digitalizaci\u00f3n Consultor\u00eda e I+D Gesti\u00f3n y Uso de Tecnolog\u00edas Data Science Log\u00edstica y Optimizaci\u00f3n Nuestro conocimiento del negocio forestal nos permite generar soluciones para nuestros clientes que les permitan mejorar y optimizar sus procesos a lo largo de toda la cadena forestal.\u00a0 Tenemos experiencia en el desarrollo de aplicaciones a medida\u00a0 para empresas [...]","protected":false},"author":1,"featured_media":0,"parent":8098,"menu_order":0,"comment_status":"closed","ping_status":"closed","template":"page-vc.php","meta":{"footnotes":""},"class_list":["post-18323","page","type-page","status-publish","hentry"],"_links":{"self":[{"href":"http:\/\/www.ferrandoyasociados.com\/en\/wp-json\/wp\/v2\/pages\/18323","targetHints":{"allow":["GET"]}}],"collection":[{"href":"http:\/\/www.ferrandoyasociados.com\/en\/wp-json\/wp\/v2\/pages"}],"about":[{"href":"http:\/\/www.ferrandoyasociados.com\/en\/wp-json\/wp\/v2\/types\/page"}],"author":[{"embeddable":true,"href":"http:\/\/www.ferrandoyasociados.com\/en\/wp-json\/wp\/v2\/users\/1"}],"replies":[{"embeddable":true,"href":"http:\/\/www.ferrandoyasociados.com\/en\/wp-json\/wp\/v2\/comments?post=18323"}],"version-history":[{"count":3,"href":"http:\/\/www.ferrandoyasociados.com\/en\/wp-json\/wp\/v2\/pages\/18323\/revisions"}],"predecessor-version":[{"id":18354,"href":"http:\/\/www.ferrandoyasociados.com\/en\/wp-json\/wp\/v2\/pages\/18323\/revisions\/18354"}],"up":[{"embeddable":true,"href":"http:\/\/www.ferrandoyasociados.com\/en\/wp-json\/wp\/v2\/pages\/8098"}],"wp:attachment":[{"href":"http:\/\/www.ferrandoyasociados.com\/en\/wp-json\/wp\/v2\/media?parent=18323"}],"curies":[{"name":"wp","href":"https:\/\/api.w.org\/{rel}","templated":true}]}}