
{"id":17997,"date":"2020-08-21T14:25:33","date_gmt":"2020-08-21T14:25:33","guid":{"rendered":"http:\/\/www.ferrandoyasociados.com\/?page_id=17997"},"modified":"2020-09-17T00:19:07","modified_gmt":"2020-09-17T00:19:07","slug":"gestion-y-uso-de-tecnologias","status":"publish","type":"page","link":"http:\/\/www.ferrandoyasociados.com\/en\/servicios\/gestion-y-uso-de-tecnologias\/","title":{"rendered":"Management and use of technology"},"content":{"rendered":"<div class=\"vc_row wpb_row vc_row-fluid vc_custom_1548940421216 vc_column-gap-64 vc-row-544602\" >\n\t<div class=\"container et-clearfix\">\n\t\t<div class=\"wpb_column vc_column_container vc_col-sm-12 vc_col-lg-4 vc_col-md-5 vc_col-xs-12 text-align-none vc-column-195820\" >\n\t<div class=\"vc_column-inner\" >\n\t\t<div class=\"wpb_wrapper\">\n\t\t\t<div  class=\"vc_wp_custommenu wpb_content_element nomobile\"><div class=\"widget widget_nav_menu\"><div class=\"menu-services-container\"><ul id=\"menu-services\" class=\"menu\"><li id=\"menu-item-18006\" class=\"menu-item menu-item-type-post_type menu-item-object-page menu-item-18006\"><a href=\"http:\/\/www.ferrandoyasociados.com\/en\/servicios\/software-y-digitalizacion\/\" data-ps2id-api=\"true\">Software and digitalization<\/a><\/li>\n<li id=\"menu-item-18005\" class=\"menu-item menu-item-type-post_type menu-item-object-page menu-item-18005\"><a href=\"http:\/\/www.ferrandoyasociados.com\/en\/servicios\/consultoria-e-id\/\" data-ps2id-api=\"true\">Consultancy and R&amp;D<\/a><\/li>\n<li id=\"menu-item-18004\" class=\"menu-item menu-item-type-post_type menu-item-object-page menu-item-18004\"><a href=\"http:\/\/www.ferrandoyasociados.com\/en\/servicios\/gestion-y-uso-de-tecnologias\/\" data-ps2id-api=\"true\">Management and use of technology<\/a><\/li>\n<li id=\"menu-item-18003\" class=\"menu-item menu-item-type-post_type menu-item-object-page menu-item-18003\"><a href=\"http:\/\/www.ferrandoyasociados.com\/en\/servicios\/data-science\/\" data-ps2id-api=\"true\">Data Science<\/a><\/li>\n<li id=\"menu-item-18327\" class=\"menu-item menu-item-type-post_type menu-item-object-page menu-item-18327\"><a href=\"http:\/\/www.ferrandoyasociados.com\/en\/servicios\/logistica-y-optimizacion\/\" data-ps2id-api=\"true\">Logistics and Optimization<\/a><\/li>\n<\/ul><\/div><\/div><\/div>\t\t<\/div>\n\t\t\t<\/div>\n<\/div><div class=\"wpb_column vc_column_container vc_col-sm-12 vc_col-lg-8 vc_col-md-7 vc_col-xs-12 text-align-none vc-column-21206\" >\n\t<div class=\"vc_column-inner\" >\n\t\t<div class=\"wpb_wrapper\">\n\t\t\t\n<div class=\"wpb_text_column wpb_content_element\"  data-animation-delay=\"0\">\n\t<div class=\"wpb_wrapper\">\n\t\t<span class=\"et-font-size\" data-fontsize=\"20px\" data-lineheight=\"32px\"><\/p>\n<p>Our expertise is quality management which, in addition to our R&amp;D experiences, makes of us a strategic partner to execute upgrades in key processes for the business.<\/p>\n<p>We assist our clients on defining their forest management as well as deploying or diversifying their services\u2019 offer, providing assessment during the different stages of their projects.<\/p>\n<p><\/span>\n\t<\/div>\n<\/div>\n\n<span class=\"et-gap et-clearfix et-gap-803736\"><\/span><div class=\"wpb_images_carousel wpb_content_element vc_clearfix\"><div class=\"wpb_wrapper\"><div id=\"vc_images-carousel-1-1776840770\" data-ride=\"vc_carousel\" data-wrap=\"true\" style=\"width: 100%;\" data-interval=\"2000\" data-auto-height=\"yes\" data-mode=\"horizontal\" data-partial=\"false\" data-per-view=\"1\" data-hide-on-end=\"false\" class=\"vc_slide vc_images_carousel\"><ol class=\"vc_carousel-indicators\"><li data-target=\"#vc_images-carousel-1-1776840770\" data-slide-to=\"0\"><\/li><li data-target=\"#vc_images-carousel-1-1776840770\" data-slide-to=\"1\"><\/li><li data-target=\"#vc_images-carousel-1-1776840770\" data-slide-to=\"2\"><\/li><li data-target=\"#vc_images-carousel-1-1776840770\" data-slide-to=\"3\"><\/li><\/ol><div class=\"vc_carousel-inner\"><div class=\"vc_carousel-slideline\"><div class=\"vc_carousel-slideline-inner\"><div class=\"vc_item\"><div class=\"vc_inner\"><img loading=\"lazy\" decoding=\"async\" width=\"960\" height=\"720\" src=\"http:\/\/www.ferrandoyasociados.com\/wp-content\/uploads\/2020\/08\/gyudlt-1.jpg\" class=\"attachment-full\" alt=\"Gesti\u00f3n y Uso de Tecnolog\u00edas\" data-responsive-images=\"false\" \/><\/div><\/div><div class=\"vc_item\"><div class=\"vc_inner\"><img loading=\"lazy\" decoding=\"async\" width=\"960\" height=\"720\" src=\"http:\/\/www.ferrandoyasociados.com\/wp-content\/uploads\/2020\/08\/gyudlt-2.jpg\" class=\"attachment-full\" alt=\"Gesti\u00f3n y Uso de Tecnolog\u00edas\" data-responsive-images=\"false\" \/><\/div><\/div><div class=\"vc_item\"><div class=\"vc_inner\"><img loading=\"lazy\" decoding=\"async\" width=\"960\" height=\"720\" src=\"http:\/\/www.ferrandoyasociados.com\/wp-content\/uploads\/2020\/08\/gyudlt-3.jpg\" class=\"attachment-full\" alt=\"Gesti\u00f3n y Uso de Tecnolog\u00edas\" data-responsive-images=\"false\" \/><\/div><\/div><div class=\"vc_item\"><div class=\"vc_inner\"><img loading=\"lazy\" decoding=\"async\" width=\"960\" height=\"720\" src=\"http:\/\/www.ferrandoyasociados.com\/wp-content\/uploads\/2020\/08\/gyudlt-4.jpg\" class=\"attachment-full\" alt=\"Gesti\u00f3n y Uso de Tecnolog\u00edas\" data-responsive-images=\"false\" \/><\/div><\/div><\/div><\/div><\/div><a class=\"vc_left vc_carousel-control\" href=\"#vc_images-carousel-1-1776840770\" data-slide=\"prev\"><span class=\"icon-prev\"><\/span><\/a><a class=\"vc_right vc_carousel-control\" href=\"#vc_images-carousel-1-1776840770\" data-slide=\"next\"><span class=\"icon-next\"><\/span><\/a><\/div><\/div><\/div><span class=\"et-gap et-clearfix et-gap-803736\"><\/span>\n<div class=\"wpb_text_column wpb_content_element\"  data-animation-delay=\"0\">\n\t<div class=\"wpb_wrapper\">\n\t\t<h4><b>Consultancy in drones for operations<\/b><\/h4>\n<span class=\"et-font-size\" data-fontsize=\"20px\" data-lineheight=\"32px\"><\/p>\n<p>We are currently working on validation projects in the forestal area using drone technology. In the beginning of 2020, a technical consultancy was given to a corporate client with the aim of validating drone technology in pulverization and granulated applications, allowing the company to select a fast and efficient technology implementation strategy.<\/p>\n<p>In order to do that, besides from doing essays to determine the most beneficial flight and operation parameters given the different situations of the field, operational essays are done in realistic situations as to verify and validate the hypothesis given in previous essays.<\/p>\n<p><\/span>\n\t<\/div>\n<\/div>\n\n<span class=\"et-gap et-clearfix et-gap-261972\"><\/span>\n\t<div  class=\"wpb_single_image wpb_content_element vc_align_left\">\n\t\t\n\t\t<figure class=\"wpb_wrapper vc_figure\">\n\t\t\t<div class=\"vc_single_image-wrapper   vc_box_border_grey\"><img loading=\"lazy\" decoding=\"async\" width=\"1276\" height=\"392\" src=\"http:\/\/www.ferrandoyasociados.com\/wp-content\/uploads\/2020\/08\/camion.jpg\" class=\"vc_single_image-img attachment-full\" alt=\"Gesti\u00f3n y Uso de Tecnolog\u00edas\" data-responsive-images=\"false\" \/><\/div>\n\t\t<\/figure>\n\t<\/div>\n<span class=\"et-gap et-clearfix et-gap-261972\"><\/span>\n<div class=\"wpb_text_column wpb_content_element\"  data-animation-delay=\"0\">\n\t<div class=\"wpb_wrapper\">\n\t\t<h4><b>Harvest and road<\/b><\/h4>\n<span class=\"et-font-size\" data-fontsize=\"20px\" data-lineheight=\"32px\"><\/p>\n<p>We have the experience to validate innovative road construction techniques, as well as to measure timing and analyzing data from harvest systems in real time. We have also participated in validation projects of technologies made to automatize and digitalize the information extracted from these teams for upgrading projects implemented by our clients.<\/p>\n<p><\/span>\n\t<\/div>\n<\/div>\n\n<span class=\"et-gap et-clearfix et-gap-261972\"><\/span>\n<div class=\"wpb_text_column wpb_content_element\"  data-animation-delay=\"0\">\n\t<div class=\"wpb_wrapper\">\n\t\t<h4><b>International benchmarking<\/b><\/h4>\n<span class=\"et-font-size\" data-fontsize=\"20px\" data-lineheight=\"32px\"><\/p>\n<p>Thanks to our network of contacts with forestal companies among the region, we accompany our clients to exchange and generate knowledge in the field of regrowth control with feller buncher.<\/p>\n<p><\/span>\n\t<\/div>\n<\/div>\n\n\t\t<\/div>\n\t\t\t<\/div>\n<\/div>\t<\/div>\n\t\t<\/div>","protected":false},"excerpt":{"rendered":"Software y Digitalizaci\u00f3n Consultor\u00eda e I+D Gesti\u00f3n y Uso de Tecnolog\u00edas Data Science Log\u00edstica y Optimizaci\u00f3n Brindamos asesoramiento t\u00e9cnico en todas las \u00e1reas, desde el vivero a la cosecha. Somos expertos en Gesti\u00f3n de Calidad lo que sumado a nuestra experiencia en I+D nos vuelve un socio estrat\u00e9gico para la empresas. Ayudamos a nuestros clientes [...]","protected":false},"author":1,"featured_media":0,"parent":8098,"menu_order":0,"comment_status":"closed","ping_status":"closed","template":"page-vc.php","meta":{"footnotes":""},"class_list":["post-17997","page","type-page","status-publish","hentry"],"_links":{"self":[{"href":"http:\/\/www.ferrandoyasociados.com\/en\/wp-json\/wp\/v2\/pages\/17997","targetHints":{"allow":["GET"]}}],"collection":[{"href":"http:\/\/www.ferrandoyasociados.com\/en\/wp-json\/wp\/v2\/pages"}],"about":[{"href":"http:\/\/www.ferrandoyasociados.com\/en\/wp-json\/wp\/v2\/types\/page"}],"author":[{"embeddable":true,"href":"http:\/\/www.ferrandoyasociados.com\/en\/wp-json\/wp\/v2\/users\/1"}],"replies":[{"embeddable":true,"href":"http:\/\/www.ferrandoyasociados.com\/en\/wp-json\/wp\/v2\/comments?post=17997"}],"version-history":[{"count":8,"href":"http:\/\/www.ferrandoyasociados.com\/en\/wp-json\/wp\/v2\/pages\/17997\/revisions"}],"predecessor-version":[{"id":18133,"href":"http:\/\/www.ferrandoyasociados.com\/en\/wp-json\/wp\/v2\/pages\/17997\/revisions\/18133"}],"up":[{"embeddable":true,"href":"http:\/\/www.ferrandoyasociados.com\/en\/wp-json\/wp\/v2\/pages\/8098"}],"wp:attachment":[{"href":"http:\/\/www.ferrandoyasociados.com\/en\/wp-json\/wp\/v2\/media?parent=17997"}],"curies":[{"name":"wp","href":"https:\/\/api.w.org\/{rel}","templated":true}]}}