
{"id":17994,"date":"2020-08-21T14:24:58","date_gmt":"2020-08-21T14:24:58","guid":{"rendered":"http:\/\/www.ferrandoyasociados.com\/?page_id=17994"},"modified":"2023-05-23T12:41:37","modified_gmt":"2023-05-23T12:41:37","slug":"software-y-digitalizacion","status":"publish","type":"page","link":"http:\/\/www.ferrandoyasociados.com\/en\/servicios\/software-y-digitalizacion\/","title":{"rendered":"Software and digitalization"},"content":{"rendered":"<div class=\"vc_row wpb_row vc_row-fluid vc_custom_1548940421216 vc_column-gap-64 vc-row-544602\" >\n\t<div class=\"container et-clearfix\">\n\t\t<div class=\"wpb_column vc_column_container vc_col-sm-12 vc_col-lg-4 vc_col-md-5 vc_col-xs-12 text-align-none vc-column-195820\" >\n\t<div class=\"vc_column-inner\" >\n\t\t<div class=\"wpb_wrapper\">\n\t\t\t<div  class=\"vc_wp_custommenu wpb_content_element nomobile\"><div class=\"widget widget_nav_menu\"><div class=\"menu-services-container\"><ul id=\"menu-services\" class=\"menu\"><li id=\"menu-item-18006\" class=\"menu-item menu-item-type-post_type menu-item-object-page menu-item-18006\"><a href=\"http:\/\/www.ferrandoyasociados.com\/en\/servicios\/software-y-digitalizacion\/\" data-ps2id-api=\"true\">Software and digitalization<\/a><\/li>\n<li id=\"menu-item-18005\" class=\"menu-item menu-item-type-post_type menu-item-object-page menu-item-18005\"><a href=\"http:\/\/www.ferrandoyasociados.com\/en\/servicios\/consultoria-e-id\/\" data-ps2id-api=\"true\">Consultancy and R&amp;D<\/a><\/li>\n<li id=\"menu-item-18004\" class=\"menu-item menu-item-type-post_type menu-item-object-page menu-item-18004\"><a href=\"http:\/\/www.ferrandoyasociados.com\/en\/servicios\/gestion-y-uso-de-tecnologias\/\" data-ps2id-api=\"true\">Management and use of technology<\/a><\/li>\n<li id=\"menu-item-18003\" class=\"menu-item menu-item-type-post_type menu-item-object-page menu-item-18003\"><a href=\"http:\/\/www.ferrandoyasociados.com\/en\/servicios\/data-science\/\" data-ps2id-api=\"true\">Data Science<\/a><\/li>\n<li id=\"menu-item-18327\" class=\"menu-item menu-item-type-post_type menu-item-object-page menu-item-18327\"><a href=\"http:\/\/www.ferrandoyasociados.com\/en\/servicios\/logistica-y-optimizacion\/\" data-ps2id-api=\"true\">Logistics and Optimization<\/a><\/li>\n<\/ul><\/div><\/div><\/div>\t\t<\/div>\n\t\t\t<\/div>\n<\/div><div class=\"wpb_column vc_column_container vc_col-sm-12 vc_col-lg-8 vc_col-md-7 vc_col-xs-12 text-align-none vc-column-21206\" >\n\t<div class=\"vc_column-inner\" >\n\t\t<div class=\"wpb_wrapper\">\n\t\t\t\n<div class=\"wpb_text_column wpb_content_element\"  data-animation-delay=\"0\">\n\t<div class=\"wpb_wrapper\">\n\t\t<span class=\"et-font-size\" data-fontsize=\"20px\" data-lineheight=\"32px\"><\/p>\n<p><span style=\"font-weight: 400;\">Our knowledge in the forestry business allows us to create software\u2019s for digitalizing and\nautomatizing and increasing productivity from every process in the chain.\u00a0 <\/span><\/p>\n<p><span style=\"font-weight: 400;\">We have experience in web and mobile apps\u2019 development for businesses who need\ntools that allow their digital transformation rapidly, increasing their processes\u2019 efficiency and efficacy\nusing the best technologies.\u00a0<\/span><\/p>\n<p><span style=\"font-weight: 400;\">We generate product prototypes in short spans of time by using agile methodologies. This enables an early validation of the app from users.<\/span><\/p>\n<p><\/span>\n\t<\/div>\n<\/div>\n\n<span class=\"et-gap et-clearfix et-gap-803736\"><\/span><div class=\"wpb_images_carousel wpb_content_element vc_clearfix\"><div class=\"wpb_wrapper\"><div id=\"vc_images-carousel-1-1776842454\" data-ride=\"vc_carousel\" data-wrap=\"true\" style=\"width: 100%;\" data-interval=\"2000\" data-auto-height=\"yes\" data-mode=\"horizontal\" data-partial=\"false\" data-per-view=\"1\" data-hide-on-end=\"false\" class=\"vc_slide vc_images_carousel\"><ol class=\"vc_carousel-indicators\"><li data-target=\"#vc_images-carousel-1-1776842454\" data-slide-to=\"0\"><\/li><li data-target=\"#vc_images-carousel-1-1776842454\" data-slide-to=\"1\"><\/li><li data-target=\"#vc_images-carousel-1-1776842454\" data-slide-to=\"2\"><\/li><li data-target=\"#vc_images-carousel-1-1776842454\" data-slide-to=\"3\"><\/li><\/ol><div class=\"vc_carousel-inner\"><div class=\"vc_carousel-slideline\"><div class=\"vc_carousel-slideline-inner\"><div class=\"vc_item\"><div class=\"vc_inner\"><img loading=\"lazy\" decoding=\"async\" width=\"960\" height=\"720\" src=\"http:\/\/www.ferrandoyasociados.com\/wp-content\/uploads\/2020\/08\/syd-1.jpg\" class=\"attachment-full\" alt=\"Software y Digitalizaci\u00f3n\" data-responsive-images=\"false\" \/><\/div><\/div><div class=\"vc_item\"><div class=\"vc_inner\"><img loading=\"lazy\" decoding=\"async\" width=\"960\" height=\"720\" src=\"http:\/\/www.ferrandoyasociados.com\/wp-content\/uploads\/2020\/08\/syd-2.jpg\" class=\"attachment-full\" alt=\"Software y Digitalizaci\u00f3n\" data-responsive-images=\"false\" \/><\/div><\/div><div class=\"vc_item\"><div class=\"vc_inner\"><img loading=\"lazy\" decoding=\"async\" width=\"960\" height=\"720\" src=\"http:\/\/www.ferrandoyasociados.com\/wp-content\/uploads\/2020\/08\/syd-3.jpg\" class=\"attachment-full\" alt=\"Software y Digitalizaci\u00f3n\" data-responsive-images=\"false\" \/><\/div><\/div><div class=\"vc_item\"><div class=\"vc_inner\"><img loading=\"lazy\" decoding=\"async\" width=\"960\" height=\"720\" src=\"http:\/\/www.ferrandoyasociados.com\/wp-content\/uploads\/2020\/08\/syd-4.jpg\" class=\"attachment-full\" alt=\"Software y Digitalizaci\u00f3n\" data-responsive-images=\"false\" \/><\/div><\/div><\/div><\/div><\/div><a class=\"vc_left vc_carousel-control\" href=\"#vc_images-carousel-1-1776842454\" data-slide=\"prev\"><span class=\"icon-prev\"><\/span><\/a><a class=\"vc_right vc_carousel-control\" href=\"#vc_images-carousel-1-1776842454\" data-slide=\"next\"><span class=\"icon-next\"><\/span><\/a><\/div><\/div><\/div><span class=\"et-gap et-clearfix et-gap-803736\"><\/span>\n<div class=\"wpb_text_column wpb_content_element\"  data-animation-delay=\"0\">\n\t<div class=\"wpb_wrapper\">\n\t\t<h4><b>Design and development of an innovative risk management and fire propagation prediction system that allows monitoring of forest fires through Machine Learning algorithms and satellite images<\/b><\/h4>\n<span class=\"et-font-size\" data-fontsize=\"20px\" data-lineheight=\"32px\"><\/p>\n<p><span style=\"font-weight: 400;\">With the support of ANII and the joint work with the University of La Rep\u00fablica, we are working on a project that seeks to design and implement an innovative risk management and fire propagation prediction system that allows monitoring of forest fires through Machine Learning algorithms and satellite images. <\/span><\/p>\n<p><span style=\"font-weight: 400;\">It is expected that due to climate change, extreme weather events will begin to appear more frequently in the region. Some, such as changes in rainfall patterns and heat waves (increases in the mean surface temperature for a limited period) already manifest themselves at certain times of the year, bringing important consequences.<\/span><\/p>\n<p><span style=\"font-weight: 400;\"> It is within the framework of this tendency to have to face increasingly extreme and dynamic climatic conditions, that we find ourselves with the recent events of forest fires worldwide, and that in Uruguay hit more than 20,000 hectares in the year 2021. Based on This great problem arises as a proposal to solve a concern raised by the Society of Forest Producers; a Combustibility Index and a fire risk and propagation management system that complement the weather index developed by INUMET, also generating a comprehensive tool for predicting the probability, displacement and severity of fires for the country. <\/span><\/p>\n<p><span style=\"font-weight: 400;\">As part of this project, 3 main models will be implemented: 1- one for the characterization of fuels from the processing of satellite images, used as input for the calculation of a soil combustibility index, 2- another for the prediction of risk areas of fire and 3- another for the prediction of the most probable directions of propagation of a fire source. In turn, the development of comprehensive management software as a final product will allow the integration of all the models, with the aim of generating a powerful management tool, with sufficient updating for timely decision-making.\u00a0<\/span><\/p>\n<p><\/span>\n\t<\/div>\n<\/div>\n\n<span class=\"et-gap et-clearfix et-gap-803736\"><\/span><div class=\"wpb_images_carousel wpb_content_element vc_clearfix\"><div class=\"wpb_wrapper\"><div id=\"vc_images-carousel-2-1776842454\" data-ride=\"vc_carousel\" data-wrap=\"true\" style=\"width: 100%;\" data-interval=\"2000\" data-auto-height=\"yes\" data-mode=\"horizontal\" data-partial=\"false\" data-per-view=\"1\" data-hide-on-end=\"false\" class=\"vc_slide vc_images_carousel\"><ol class=\"vc_carousel-indicators\"><li data-target=\"#vc_images-carousel-2-1776842454\" data-slide-to=\"0\"><\/li><li data-target=\"#vc_images-carousel-2-1776842454\" data-slide-to=\"1\"><\/li><\/ol><div class=\"vc_carousel-inner\"><div class=\"vc_carousel-slideline\"><div class=\"vc_carousel-slideline-inner\"><div class=\"vc_item\"><div class=\"vc_inner\"><img loading=\"lazy\" decoding=\"async\" width=\"538\" height=\"720\" src=\"http:\/\/www.ferrandoyasociados.com\/wp-content\/uploads\/2023\/05\/incendios-1.png\" class=\"attachment-full\" alt=\"Software y Digitalizaci\u00f3n\" data-responsive-images=\"false\" \/><\/div><\/div><div class=\"vc_item\"><div class=\"vc_inner\"><img loading=\"lazy\" decoding=\"async\" width=\"535\" height=\"716\" src=\"http:\/\/www.ferrandoyasociados.com\/wp-content\/uploads\/2023\/05\/incendios-2.png\" class=\"attachment-full\" alt=\"Software y Digitalizaci\u00f3n\" data-responsive-images=\"false\" \/><\/div><\/div><\/div><\/div><\/div><a class=\"vc_left vc_carousel-control\" href=\"#vc_images-carousel-2-1776842454\" data-slide=\"prev\"><span class=\"icon-prev\"><\/span><\/a><a class=\"vc_right vc_carousel-control\" href=\"#vc_images-carousel-2-1776842454\" data-slide=\"next\"><span class=\"icon-next\"><\/span><\/a><\/div><\/div><\/div><span class=\"et-gap et-clearfix et-gap-803736\"><\/span>\n<div class=\"wpb_text_column wpb_content_element\"  data-animation-delay=\"0\">\n\t<div class=\"wpb_wrapper\">\n\t\t<h4><b>Automatization in weed control in the forestry sector project:<\/b><\/h4>\n<span class=\"et-font-size\" data-fontsize=\"20px\" data-lineheight=\"32px\"><\/p>\n<p>With ANII\u2019s support, we are currently working on the development of a software which allows to carry out herbicide applications in forest plantations in a selective manner, using sprayer drones. Said developments\u2019 purpose is to make herbicide applications more efficient, not only would these not have to be done necessarily in total area, but also would these enable our clients to reduce costs and develop more environmentally friendly practices by reducing both water and agrochemicals use.<\/p>\n<p><\/span>\n\t<\/div>\n<\/div>\n\n<span class=\"et-gap et-clearfix et-gap-261972\"><\/span>\t\t<\/div>\n\t\t\t<\/div>\n<\/div>\t<\/div>\n\t\t<\/div>","protected":false},"excerpt":{"rendered":"Software y Digitalizaci\u00f3n Consultor\u00eda e I+D Gesti\u00f3n y Uso de Tecnolog\u00edas Data Science Log\u00edstica y Optimizaci\u00f3n Nuestro conocimiento del negocio forestal nos permite crear software para digitalizar, automatizar e incrementar la productividad de todos los procesos dentro de la cadena.\u00a0 Tenemos experiencia en el desarrollo de aplicaciones web y mobile para empresas que necesitan incorporar [...]","protected":false},"author":1,"featured_media":0,"parent":8098,"menu_order":0,"comment_status":"closed","ping_status":"closed","template":"page-vc.php","meta":{"footnotes":""},"class_list":["post-17994","page","type-page","status-publish","hentry"],"_links":{"self":[{"href":"http:\/\/www.ferrandoyasociados.com\/en\/wp-json\/wp\/v2\/pages\/17994","targetHints":{"allow":["GET"]}}],"collection":[{"href":"http:\/\/www.ferrandoyasociados.com\/en\/wp-json\/wp\/v2\/pages"}],"about":[{"href":"http:\/\/www.ferrandoyasociados.com\/en\/wp-json\/wp\/v2\/types\/page"}],"author":[{"embeddable":true,"href":"http:\/\/www.ferrandoyasociados.com\/en\/wp-json\/wp\/v2\/users\/1"}],"replies":[{"embeddable":true,"href":"http:\/\/www.ferrandoyasociados.com\/en\/wp-json\/wp\/v2\/comments?post=17994"}],"version-history":[{"count":10,"href":"http:\/\/www.ferrandoyasociados.com\/en\/wp-json\/wp\/v2\/pages\/17994\/revisions"}],"predecessor-version":[{"id":18352,"href":"http:\/\/www.ferrandoyasociados.com\/en\/wp-json\/wp\/v2\/pages\/17994\/revisions\/18352"}],"up":[{"embeddable":true,"href":"http:\/\/www.ferrandoyasociados.com\/en\/wp-json\/wp\/v2\/pages\/8098"}],"wp:attachment":[{"href":"http:\/\/www.ferrandoyasociados.com\/en\/wp-json\/wp\/v2\/media?parent=17994"}],"curies":[{"name":"wp","href":"https:\/\/api.w.org\/{rel}","templated":true}]}}